{"id":2083,"date":"2023-11-21T13:37:37","date_gmt":"2023-11-21T13:37:37","guid":{"rendered":"https:\/\/www.prostaff.ee\/?page_id=2083"},"modified":"2023-12-30T13:33:09","modified_gmt":"2023-12-30T13:33:09","slug":"toootsijale","status":"publish","type":"page","link":"https:\/\/prostaff.ee\/en\/toootsijale\/","title":{"rendered":"Job Seeker"},"content":{"rendered":"<div data-elementor-type=\"wp-page\" data-elementor-id=\"2083\" class=\"elementor elementor-2083\">\n\t\t\t\t\t\t<section class=\"elementor-section elementor-top-section elementor-element elementor-element-56ba355b elementor-section-height-min-height elementor-section-boxed elementor-section-height-default elementor-section-items-middle elementor-invisible\" data-id=\"56ba355b\" data-element_type=\"section\" data-settings=\"{&quot;background_background&quot;:&quot;classic&quot;,&quot;animation&quot;:&quot;fadeIn&quot;}\">\n\t\t\t\t\t\t\t<div class=\"elementor-background-overlay\"><\/div>\n\t\t\t\t\t\t\t<div class=\"elementor-container elementor-column-gap-no\">\n\t\t\t\t\t<div class=\"elementor-column elementor-col-100 elementor-top-column elementor-element elementor-element-50f188c1\" data-id=\"50f188c1\" data-element_type=\"column\">\n\t\t\t<div class=\"elementor-widget-wrap elementor-element-populated\">\n\t\t\t\t\t\t<div class=\"elementor-element elementor-element-623062ef elementor-widget elementor-widget-heading\" data-id=\"623062ef\" data-element_type=\"widget\" data-widget_type=\"heading.default\">\n\t\t\t\t<div class=\"elementor-widget-container\">\n\t\t\t\t\t<h4 class=\"elementor-heading-title elementor-size-default\">Work in the EU and in Estonia<\/h4>\t\t\t\t<\/div>\n\t\t\t\t<\/div>\n\t\t\t\t<div class=\"elementor-element elementor-element-120312be elementor-invisible elementor-widget elementor-widget-heading\" data-id=\"120312be\" data-element_type=\"widget\" data-settings=\"{&quot;_animation&quot;:&quot;fadeInUp&quot;}\" data-widget_type=\"heading.default\">\n\t\t\t\t<div class=\"elementor-widget-container\">\n\t\t\t\t\t<h1 class=\"elementor-heading-title elementor-size-default\">ProStaff<\/h1>\t\t\t\t<\/div>\n\t\t\t\t<\/div>\n\t\t\t\t<div class=\"elementor-element elementor-element-1d0f590a elementor-invisible elementor-widget elementor-widget-text-editor\" data-id=\"1d0f590a\" data-element_type=\"widget\" data-settings=\"{&quot;_animation&quot;:&quot;fadeInUp&quot;}\" data-widget_type=\"text-editor.default\">\n\t\t\t\t<div class=\"elementor-widget-container\">\n\t\t\t\t\t\t\t\t\t<p>Discover new career opportunities in Europe! We offer work opportunities in various EU countries. In addition to work, we help you find accommodation, provide the necessary transport and assist you in completing documents. We support you throughout the process to make your work experience enjoyable and successful. Join us today!<\/p>\t\t\t\t\t\t\t\t<\/div>\n\t\t\t\t<\/div>\n\t\t\t\t\t<\/div>\n\t\t<\/div>\n\t\t\t\t\t<\/div>\n\t\t<\/section>\n\t\t<div class=\"elementor-element elementor-element-b1b806a e-flex e-con-boxed e-con e-parent\" data-id=\"b1b806a\" data-element_type=\"container\">\n\t\t\t\t\t<div class=\"e-con-inner\">\n\t\t\t\t<div class=\"elementor-element elementor-element-d69ca97 elementor-align-center elementor-widget elementor-widget-button\" data-id=\"d69ca97\" data-element_type=\"widget\" data-widget_type=\"button.default\">\n\t\t\t\t<div class=\"elementor-widget-container\">\n\t\t\t\t\t\t\t\t\t<div class=\"elementor-button-wrapper\">\n\t\t\t\t\t<a class=\"elementor-button elementor-button-link elementor-size-sm\" href=\"mailto:info@prostaff.ee\">\n\t\t\t\t\t\t<span class=\"elementor-button-content-wrapper\">\n\t\t\t\t\t\t\t\t\t<span class=\"elementor-button-text\">Cv@prostaff.ee<\/span>\n\t\t\t\t\t<\/span>\n\t\t\t\t\t<\/a>\n\t\t\t\t<\/div>\n\t\t\t\t\t\t\t\t<\/div>\n\t\t\t\t<\/div>\n\t\t\t\t\t<\/div>\n\t\t\t\t<\/div>\n\t\t\t\t<section class=\"elementor-section elementor-inner-section elementor-element elementor-element-7dc3f94e elementor-section-boxed elementor-section-height-default elementor-section-height-default\" data-id=\"7dc3f94e\" data-element_type=\"section\">\n\t\t\t\t\t\t<div class=\"elementor-container elementor-column-gap-no\">\n\t\t\t\t\t<div class=\"elementor-column elementor-col-100 elementor-inner-column elementor-element elementor-element-34a4e636\" data-id=\"34a4e636\" data-element_type=\"column\">\n\t\t\t<div class=\"elementor-widget-wrap elementor-element-populated\">\n\t\t\t\t\t\t<div class=\"elementor-element elementor-element-484a62d elementor-widget elementor-widget-heading\" data-id=\"484a62d\" data-element_type=\"widget\" data-widget_type=\"heading.default\">\n\t\t\t\t<div class=\"elementor-widget-container\">\n\t\t\t\t\t<h2 class=\"elementor-heading-title elementor-size-default\">How can you benefit from us?<\/h2>\t\t\t\t<\/div>\n\t\t\t\t<\/div>\n\t\t\t\t<div class=\"elementor-element elementor-element-25bac1e4 elementor-widget elementor-widget-text-editor\" data-id=\"25bac1e4\" data-element_type=\"widget\" data-widget_type=\"text-editor.default\">\n\t\t\t\t<div class=\"elementor-widget-container\">\n\t\t\t\t\t\t\t\t\t<p>We are here to make your job search easy, efficient and enjoyable. We offer work with accommodation, arrange documents to work abroad and support throughout the process.<\/p>\n<p><\/p>\n<div>&nbsp;<\/div>\t\t\t\t\t\t\t\t<\/div>\n\t\t\t\t<\/div>\n\t\t\t\t\t<\/div>\n\t\t<\/div>\n\t\t\t\t\t<\/div>\n\t\t<\/section>\n\t\t\t\t<section class=\"elementor-section elementor-inner-section elementor-element elementor-element-46bcbd7c elementor-section-boxed elementor-section-height-default elementor-section-height-default\" data-id=\"46bcbd7c\" data-element_type=\"section\">\n\t\t\t\t\t\t<div class=\"elementor-container elementor-column-gap-default\">\n\t\t\t\t\t<div class=\"elementor-column elementor-col-50 elementor-inner-column elementor-element elementor-element-1d23486c\" data-id=\"1d23486c\" data-element_type=\"column\" data-settings=\"{&quot;background_background&quot;:&quot;classic&quot;}\">\n\t\t\t<div class=\"elementor-widget-wrap elementor-element-populated\">\n\t\t\t\t\t\t<div class=\"elementor-element elementor-element-31c9b966 elementor-view-default elementor-position-block-start elementor-mobile-position-block-start elementor-widget elementor-widget-icon-box\" data-id=\"31c9b966\" data-element_type=\"widget\" data-widget_type=\"icon-box.default\">\n\t\t\t\t<div class=\"elementor-widget-container\">\n\t\t\t\t\t\t\t<div class=\"elementor-icon-box-wrapper\">\n\n\t\t\t\t\t\t<div class=\"elementor-icon-box-icon\">\n\t\t\t\t<span  class=\"elementor-icon\">\n\t\t\t\t<i aria-hidden=\"true\" class=\"fas fa-people-arrows\"><\/i>\t\t\t\t<\/span>\n\t\t\t<\/div>\n\t\t\t\n\t\t\t\t\t\t<div class=\"elementor-icon-box-content\">\n\n\t\t\t\t\t\t\t\t\t<h4 class=\"elementor-icon-box-title\">\n\t\t\t\t\t\t<span  >\n\t\t\t\t\t\t\tWork in the EU\t\t\t\t\t\t<\/span>\n\t\t\t\t\t<\/h4>\n\t\t\t\t\n\t\t\t\t\t\t\t\t\t<p class=\"elementor-icon-box-description\">\n\t\t\t\t\t\tProStaff offers versatile work opportunities abroad, we have many offers in Scandinavia, Ireland, the Netherlands and other EU countries.\nWe are connected with leading companies across Europe, offering you the best jobs.\t\t\t\t\t<\/p>\n\t\t\t\t\n\t\t\t<\/div>\n\t\t\t\n\t\t<\/div>\n\t\t\t\t\t\t<\/div>\n\t\t\t\t<\/div>\n\t\t\t\t\t<\/div>\n\t\t<\/div>\n\t\t\t\t<div class=\"elementor-column elementor-col-50 elementor-inner-column elementor-element elementor-element-53495abe\" data-id=\"53495abe\" data-element_type=\"column\" data-settings=\"{&quot;background_background&quot;:&quot;classic&quot;}\">\n\t\t\t<div class=\"elementor-widget-wrap elementor-element-populated\">\n\t\t\t\t\t\t<div class=\"elementor-element elementor-element-24d9990 elementor-view-default elementor-position-block-start elementor-mobile-position-block-start elementor-widget elementor-widget-icon-box\" data-id=\"24d9990\" data-element_type=\"widget\" data-widget_type=\"icon-box.default\">\n\t\t\t\t<div class=\"elementor-widget-container\">\n\t\t\t\t\t\t\t<div class=\"elementor-icon-box-wrapper\">\n\n\t\t\t\t\t\t<div class=\"elementor-icon-box-icon\">\n\t\t\t\t<span  class=\"elementor-icon\">\n\t\t\t\t<i aria-hidden=\"true\" class=\"far fa-user\"><\/i>\t\t\t\t<\/span>\n\t\t\t<\/div>\n\t\t\t\n\t\t\t\t\t\t<div class=\"elementor-icon-box-content\">\n\n\t\t\t\t\t\t\t\t\t<h4 class=\"elementor-icon-box-title\">\n\t\t\t\t\t\t<span  >\n\t\t\t\t\t\t\tWork in Estonia\t\t\t\t\t\t<\/span>\n\t\t\t\t\t<\/h4>\n\t\t\t\t\n\t\t\t\t\t\t\t\t\t<p class=\"elementor-icon-box-description\">\n\t\t\t\t\t\tWith Prostaff, you have the opportunity to discover job opportunities and find the one that suits you.\nWe connected with the best companies, offering you access to well paying jobs.\t\t\t\t\t<\/p>\n\t\t\t\t\n\t\t\t<\/div>\n\t\t\t\n\t\t<\/div>\n\t\t\t\t\t\t<\/div>\n\t\t\t\t<\/div>\n\t\t\t\t\t<\/div>\n\t\t<\/div>\n\t\t\t\t\t<\/div>\n\t\t<\/section>\n\t\t\t\t<section class=\"elementor-section elementor-top-section elementor-element elementor-element-1dc88f0b elementor-section-boxed elementor-section-height-default elementor-section-height-default\" data-id=\"1dc88f0b\" data-element_type=\"section\" data-settings=\"{&quot;background_background&quot;:&quot;classic&quot;}\">\n\t\t\t\t\t\t<div class=\"elementor-container elementor-column-gap-default\">\n\t\t\t\t\t<div class=\"elementor-column elementor-col-100 elementor-top-column elementor-element elementor-element-15826ad5\" data-id=\"15826ad5\" data-element_type=\"column\" data-settings=\"{&quot;background_background&quot;:&quot;classic&quot;}\">\n\t\t\t<div class=\"elementor-widget-wrap elementor-element-populated\">\n\t\t\t\t\t\t<section class=\"elementor-section elementor-inner-section elementor-element elementor-element-50914ac3 elementor-section-content-middle elementor-section-boxed elementor-section-height-default elementor-section-height-default\" data-id=\"50914ac3\" data-element_type=\"section\">\n\t\t\t\t\t\t<div class=\"elementor-container elementor-column-gap-default\">\n\t\t\t\t\t<div class=\"elementor-column elementor-col-50 elementor-inner-column elementor-element elementor-element-2f719657\" data-id=\"2f719657\" data-element_type=\"column\">\n\t\t\t<div class=\"elementor-widget-wrap elementor-element-populated\">\n\t\t\t\t\t\t<div class=\"elementor-element elementor-element-45d38b19 elementor-widget elementor-widget-heading\" data-id=\"45d38b19\" data-element_type=\"widget\" data-widget_type=\"heading.default\">\n\t\t\t\t<div class=\"elementor-widget-container\">\n\t\t\t\t\t<h3 class=\"elementor-heading-title elementor-size-default\">Send your resume<\/h3>\t\t\t\t<\/div>\n\t\t\t\t<\/div>\n\t\t\t\t<div class=\"elementor-element elementor-element-5cae9a8f elementor-widget elementor-widget-text-editor\" data-id=\"5cae9a8f\" data-element_type=\"widget\" data-widget_type=\"text-editor.default\">\n\t\t\t\t<div class=\"elementor-widget-container\">\n\t\t\t\t\t\t\t\t\t<p>Write us what position you are looking for and what country you would like to work in.<\/p>\t\t\t\t\t\t\t\t<\/div>\n\t\t\t\t<\/div>\n\t\t\t\t\t<\/div>\n\t\t<\/div>\n\t\t\t\t<div class=\"elementor-column elementor-col-50 elementor-inner-column elementor-element elementor-element-5d55522e\" data-id=\"5d55522e\" data-element_type=\"column\">\n\t\t\t<div class=\"elementor-widget-wrap elementor-element-populated\">\n\t\t\t\t\t\t<div class=\"elementor-element elementor-element-1cba62d7 elementor-align-right elementor-tablet-align-center elementor-widget elementor-widget-button\" data-id=\"1cba62d7\" data-element_type=\"widget\" data-widget_type=\"button.default\">\n\t\t\t\t<div class=\"elementor-widget-container\">\n\t\t\t\t\t\t\t\t\t<div class=\"elementor-button-wrapper\">\n\t\t\t\t\t<a class=\"elementor-button elementor-button-link elementor-size-sm\" href=\"tel:+372-529-40-10\">\n\t\t\t\t\t\t<span class=\"elementor-button-content-wrapper\">\n\t\t\t\t\t\t\t\t\t<span class=\"elementor-button-text\">+372 529 40 10<\/span>\n\t\t\t\t\t<\/span>\n\t\t\t\t\t<\/a>\n\t\t\t\t<\/div>\n\t\t\t\t\t\t\t\t<\/div>\n\t\t\t\t<\/div>\n\t\t\t\t<div class=\"elementor-element elementor-element-cbd3b31 elementor-align-right elementor-tablet-align-center elementor-widget elementor-widget-button\" data-id=\"cbd3b31\" data-element_type=\"widget\" data-widget_type=\"button.default\">\n\t\t\t\t<div class=\"elementor-widget-container\">\n\t\t\t\t\t\t\t\t\t<div class=\"elementor-button-wrapper\">\n\t\t\t\t\t<a class=\"elementor-button elementor-button-link elementor-size-sm\" href=\"mailto:info@prostaff.ee\">\n\t\t\t\t\t\t<span class=\"elementor-button-content-wrapper\">\n\t\t\t\t\t\t\t\t\t<span class=\"elementor-button-text\">cv@prostaff.ee<\/span>\n\t\t\t\t\t<\/span>\n\t\t\t\t\t<\/a>\n\t\t\t\t<\/div>\n\t\t\t\t\t\t\t\t<\/div>\n\t\t\t\t<\/div>\n\t\t\t\t\t<\/div>\n\t\t<\/div>\n\t\t\t\t\t<\/div>\n\t\t<\/section>\n\t\t\t\t\t<\/div>\n\t\t<\/div>\n\t\t\t\t\t<\/div>\n\t\t<\/section>\n\t\t\t\t<\/div>","protected":false},"excerpt":{"rendered":"<p>T\u00f6\u00f6 v\u00e4lismaal ja Eestis ProStaff Avasta uued karj\u00e4\u00e4riv\u00f5imalused Euroopas! Pakume t\u00f6\u00f6v\u00f5imalusi erinevates EU riikides. Lisaks t\u00f6\u00f6le aitame sul leida majutust, tagame vajaliku transpordi ja abistame dokumentide vormistamisel. Toetame sind kogu protsessi v\u00e4ltel, et su t\u00f6\u00f6kogemus oleks nauditav ja edukas. Liitu meiega juba t\u00e4na! Cv@prostaff.ee Kuidas saame teile kasulikud olla? Oleme siin selleks, et muuta Sinu [&hellip;]<\/p>","protected":false},"author":1,"featured_media":0,"parent":0,"menu_order":0,"comment_status":"closed","ping_status":"closed","template":"","meta":{"_monsterinsights_skip_tracking":false,"_monsterinsights_sitenote_active":false,"_monsterinsights_sitenote_note":"","_monsterinsights_sitenote_category":0,"site-sidebar-layout":"no-sidebar","site-content-layout":"page-builder","ast-site-content-layout":"full-width-container","site-content-style":"default","site-sidebar-style":"default","ast-global-header-display":"","ast-banner-title-visibility":"","ast-main-header-display":"","ast-hfb-above-header-display":"","ast-hfb-below-header-display":"","ast-hfb-mobile-header-display":"","site-post-title":"disabled","ast-breadcrumbs-content":"","ast-featured-img":"disabled","footer-sml-layout":"","theme-transparent-header-meta":"","adv-header-id-meta":"","stick-header-meta":"","header-above-stick-meta":"","header-main-stick-meta":"","header-below-stick-meta":"","astra-migrate-meta-layouts":"set","ast-page-background-enabled":"default","ast-page-background-meta":{"desktop":{"background-color":"","background-image":"","background-repeat":"repeat","background-position":"center center","background-size":"auto","background-attachment":"scroll","background-type":"","background-media":"","overlay-type":"","overlay-color":"","overlay-opacity":"","overlay-gradient":""},"tablet":{"background-color":"","background-image":"","background-repeat":"repeat","background-position":"center center","background-size":"auto","background-attachment":"scroll","background-type":"","background-media":"","overlay-type":"","overlay-color":"","overlay-opacity":"","overlay-gradient":""},"mobile":{"background-color":"","background-image":"","background-repeat":"repeat","background-position":"center center","background-size":"auto","background-attachment":"scroll","background-type":"","background-media":"","overlay-type":"","overlay-color":"","overlay-opacity":"","overlay-gradient":""}},"ast-content-background-meta":{"desktop":{"background-color":"var(--ast-global-color-5)","background-image":"","background-repeat":"repeat","background-position":"center center","background-size":"auto","background-attachment":"scroll","background-type":"","background-media":"","overlay-type":"","overlay-color":"","overlay-opacity":"","overlay-gradient":""},"tablet":{"background-color":"var(--ast-global-color-5)","background-image":"","background-repeat":"repeat","background-position":"center center","background-size":"auto","background-attachment":"scroll","background-type":"","background-media":"","overlay-type":"","overlay-color":"","overlay-opacity":"","overlay-gradient":""},"mobile":{"background-color":"var(--ast-global-color-5)","background-image":"","background-repeat":"repeat","background-position":"center center","background-size":"auto","background-attachment":"scroll","background-type":"","background-media":"","overlay-type":"","overlay-color":"","overlay-opacity":"","overlay-gradient":""}},"footnotes":""},"class_list":["post-2083","page","type-page","status-publish","hentry"],"yoast_head":"<!-- This site is optimized with the Yoast SEO plugin v26.6 - https:\/\/yoast.com\/wordpress\/plugins\/seo\/ -->\n<title>T\u00f6\u00f6otsijale | Tasuv t\u00f6\u00f6 v\u00e4lismaal<\/title>\n<meta name=\"description\" content=\"Pakume t\u00f6\u00f6d Soome, Norra, Taani, Rootsi, Iirimaal ja Hollandis. V\u00f5ta \u00fchendust ja leiame sulle sobiva positsiooni!\" \/>\n<meta name=\"robots\" content=\"index, follow, max-snippet:-1, max-image-preview:large, max-video-preview:-1\" \/>\n<link rel=\"canonical\" href=\"https:\/\/prostaff.ee\/en\/toootsijale\/\" \/>\n<meta property=\"og:locale\" content=\"en_GB\" \/>\n<meta property=\"og:type\" content=\"article\" \/>\n<meta property=\"og:title\" content=\"T\u00f6\u00f6otsijale | Tasuv t\u00f6\u00f6 v\u00e4lismaal\" \/>\n<meta property=\"og:description\" content=\"Pakume t\u00f6\u00f6d Soome, Norra, Taani, Rootsi, Iirimaal ja Hollandis. V\u00f5ta \u00fchendust ja leiame sulle sobiva positsiooni!\" \/>\n<meta property=\"og:url\" content=\"https:\/\/prostaff.ee\/en\/toootsijale\/\" \/>\n<meta property=\"article:modified_time\" content=\"2023-12-30T13:33:09+00:00\" \/>\n<meta name=\"twitter:card\" content=\"summary_large_image\" \/>\n<meta name=\"twitter:label1\" content=\"Estimated reading time\" \/>\n\t<meta name=\"twitter:data1\" content=\"1 minute\" \/>\n<script type=\"application\/ld+json\" class=\"yoast-schema-graph\">{\"@context\":\"https:\/\/schema.org\",\"@graph\":[{\"@type\":\"WebPage\",\"@id\":\"https:\/\/prostaff.ee\/en\/toootsijale\/\",\"url\":\"https:\/\/prostaff.ee\/en\/toootsijale\/\",\"name\":\"T\u00f6\u00f6otsijale | Tasuv t\u00f6\u00f6 v\u00e4lismaal\",\"isPartOf\":{\"@id\":\"https:\/\/www.prostaff.ee\/#website\"},\"datePublished\":\"2023-11-21T13:37:37+00:00\",\"dateModified\":\"2023-12-30T13:33:09+00:00\",\"description\":\"Pakume t\u00f6\u00f6d Soome, Norra, Taani, Rootsi, Iirimaal ja Hollandis. V\u00f5ta \u00fchendust ja leiame sulle sobiva positsiooni!\",\"breadcrumb\":{\"@id\":\"https:\/\/prostaff.ee\/en\/toootsijale\/#breadcrumb\"},\"inLanguage\":\"en-GB\",\"potentialAction\":[{\"@type\":\"ReadAction\",\"target\":[\"https:\/\/prostaff.ee\/en\/toootsijale\/\"]}]},{\"@type\":\"BreadcrumbList\",\"@id\":\"https:\/\/prostaff.ee\/en\/toootsijale\/#breadcrumb\",\"itemListElement\":[{\"@type\":\"ListItem\",\"position\":1,\"name\":\"Rendit\u00f6\u00f6j\u00f5ud, V\u00e4rbamisteenused, T\u00f6\u00f6j\u00f5u rent\",\"item\":\"https:\/\/www.prostaff.ee\/\"},{\"@type\":\"ListItem\",\"position\":2,\"name\":\"T\u00f6\u00f6otsijale\"}]},{\"@type\":\"WebSite\",\"@id\":\"https:\/\/www.prostaff.ee\/#website\",\"url\":\"https:\/\/www.prostaff.ee\/\",\"name\":\"www.prostaff.ee\",\"description\":\"\",\"publisher\":{\"@id\":\"https:\/\/www.prostaff.ee\/#organization\"},\"potentialAction\":[{\"@type\":\"SearchAction\",\"target\":{\"@type\":\"EntryPoint\",\"urlTemplate\":\"https:\/\/www.prostaff.ee\/?s={search_term_string}\"},\"query-input\":{\"@type\":\"PropertyValueSpecification\",\"valueRequired\":true,\"valueName\":\"search_term_string\"}}],\"inLanguage\":\"en-GB\"},{\"@type\":\"Organization\",\"@id\":\"https:\/\/www.prostaff.ee\/#organization\",\"name\":\"Prostaff - Kvaliteetne rendit\u00f6\u00f6j\u00f5ud ja v\u00e4rbamisteenused\",\"url\":\"https:\/\/www.prostaff.ee\/\",\"logo\":{\"@type\":\"ImageObject\",\"inLanguage\":\"en-GB\",\"@id\":\"https:\/\/www.prostaff.ee\/#\/schema\/logo\/image\/\",\"url\":\"https:\/\/www.prostaff.ee\/wp-content\/uploads\/2023\/09\/Prostaff_logo-Transparent.png\",\"contentUrl\":\"https:\/\/www.prostaff.ee\/wp-content\/uploads\/2023\/09\/Prostaff_logo-Transparent.png\",\"width\":500,\"height\":500,\"caption\":\"Prostaff - Kvaliteetne rendit\u00f6\u00f6j\u00f5ud ja v\u00e4rbamisteenused\"},\"image\":{\"@id\":\"https:\/\/www.prostaff.ee\/#\/schema\/logo\/image\/\"}}]}<\/script>\n<!-- \/ Yoast SEO plugin. -->","yoast_head_json":{"title":"T\u00f6\u00f6otsijale | Tasuv t\u00f6\u00f6 v\u00e4lismaal","description":"Pakume t\u00f6\u00f6d Soome, Norra, Taani, Rootsi, Iirimaal ja Hollandis. V\u00f5ta \u00fchendust ja leiame sulle sobiva positsiooni!","robots":{"index":"index","follow":"follow","max-snippet":"max-snippet:-1","max-image-preview":"max-image-preview:large","max-video-preview":"max-video-preview:-1"},"canonical":"https:\/\/prostaff.ee\/en\/toootsijale\/","og_locale":"en_GB","og_type":"article","og_title":"T\u00f6\u00f6otsijale | Tasuv t\u00f6\u00f6 v\u00e4lismaal","og_description":"Pakume t\u00f6\u00f6d Soome, Norra, Taani, Rootsi, Iirimaal ja Hollandis. V\u00f5ta \u00fchendust ja leiame sulle sobiva positsiooni!","og_url":"https:\/\/prostaff.ee\/en\/toootsijale\/","article_modified_time":"2023-12-30T13:33:09+00:00","twitter_card":"summary_large_image","twitter_misc":{"Estimated reading time":"1 minute"},"schema":{"@context":"https:\/\/schema.org","@graph":[{"@type":"WebPage","@id":"https:\/\/prostaff.ee\/en\/toootsijale\/","url":"https:\/\/prostaff.ee\/en\/toootsijale\/","name":"T\u00f6\u00f6otsijale | Tasuv t\u00f6\u00f6 v\u00e4lismaal","isPartOf":{"@id":"https:\/\/www.prostaff.ee\/#website"},"datePublished":"2023-11-21T13:37:37+00:00","dateModified":"2023-12-30T13:33:09+00:00","description":"Pakume t\u00f6\u00f6d Soome, Norra, Taani, Rootsi, Iirimaal ja Hollandis. V\u00f5ta \u00fchendust ja leiame sulle sobiva positsiooni!","breadcrumb":{"@id":"https:\/\/prostaff.ee\/en\/toootsijale\/#breadcrumb"},"inLanguage":"en-GB","potentialAction":[{"@type":"ReadAction","target":["https:\/\/prostaff.ee\/en\/toootsijale\/"]}]},{"@type":"BreadcrumbList","@id":"https:\/\/prostaff.ee\/en\/toootsijale\/#breadcrumb","itemListElement":[{"@type":"ListItem","position":1,"name":"Rendit\u00f6\u00f6j\u00f5ud, V\u00e4rbamisteenused, T\u00f6\u00f6j\u00f5u rent","item":"https:\/\/www.prostaff.ee\/"},{"@type":"ListItem","position":2,"name":"T\u00f6\u00f6otsijale"}]},{"@type":"WebSite","@id":"https:\/\/www.prostaff.ee\/#website","url":"https:\/\/www.prostaff.ee\/","name":"www.prostaff.ee","description":"","publisher":{"@id":"https:\/\/www.prostaff.ee\/#organization"},"potentialAction":[{"@type":"SearchAction","target":{"@type":"EntryPoint","urlTemplate":"https:\/\/www.prostaff.ee\/?s={search_term_string}"},"query-input":{"@type":"PropertyValueSpecification","valueRequired":true,"valueName":"search_term_string"}}],"inLanguage":"en-GB"},{"@type":"Organization","@id":"https:\/\/www.prostaff.ee\/#organization","name":"Prostaff - Kvaliteetne rendit\u00f6\u00f6j\u00f5ud ja v\u00e4rbamisteenused","url":"https:\/\/www.prostaff.ee\/","logo":{"@type":"ImageObject","inLanguage":"en-GB","@id":"https:\/\/www.prostaff.ee\/#\/schema\/logo\/image\/","url":"https:\/\/www.prostaff.ee\/wp-content\/uploads\/2023\/09\/Prostaff_logo-Transparent.png","contentUrl":"https:\/\/www.prostaff.ee\/wp-content\/uploads\/2023\/09\/Prostaff_logo-Transparent.png","width":500,"height":500,"caption":"Prostaff - Kvaliteetne rendit\u00f6\u00f6j\u00f5ud ja v\u00e4rbamisteenused"},"image":{"@id":"https:\/\/www.prostaff.ee\/#\/schema\/logo\/image\/"}}]}},"_links":{"self":[{"href":"https:\/\/prostaff.ee\/en\/wp-json\/wp\/v2\/pages\/2083","targetHints":{"allow":["GET"]}}],"collection":[{"href":"https:\/\/prostaff.ee\/en\/wp-json\/wp\/v2\/pages"}],"about":[{"href":"https:\/\/prostaff.ee\/en\/wp-json\/wp\/v2\/types\/page"}],"author":[{"embeddable":true,"href":"https:\/\/prostaff.ee\/en\/wp-json\/wp\/v2\/users\/1"}],"replies":[{"embeddable":true,"href":"https:\/\/prostaff.ee\/en\/wp-json\/wp\/v2\/comments?post=2083"}],"version-history":[{"count":5,"href":"https:\/\/prostaff.ee\/en\/wp-json\/wp\/v2\/pages\/2083\/revisions"}],"predecessor-version":[{"id":2205,"href":"https:\/\/prostaff.ee\/en\/wp-json\/wp\/v2\/pages\/2083\/revisions\/2205"}],"wp:attachment":[{"href":"https:\/\/prostaff.ee\/en\/wp-json\/wp\/v2\/media?parent=2083"}],"curies":[{"name":"wp","href":"https:\/\/api.w.org\/{rel}","templated":true}]}}